{"id":137,"date":"2017-02-24T22:29:36","date_gmt":"2017-02-24T21:29:36","guid":{"rendered":"http:\/\/incidence-revue.fr\/?page_id=137"},"modified":"2022-08-21T15:52:35","modified_gmt":"2022-08-21T13:52:35","slug":"achat","status":"publish","type":"page","link":"https:\/\/incidence-revue.fr\/index.php\/achat\/","title":{"rendered":"Achat"},"content":{"rendered":"<p>L&rsquo;ensemble des num\u00e9ros sont disponibles dans la librairie Tschann :<\/p>\n<div class=\"_2pi9 _2pi2\">\n<div class=\"clearfix _ikh\">\n<div style=\"text-align: center;\"><a href=\"https:\/\/fr-fr.facebook.com\/librairie.tschann\/\">Librairie Tschann<\/a><\/div>\n<div class=\"_4bl9\" style=\"text-align: center;\">\n<div class=\"_2wzd\">125 boulevard du Montparnasse<br \/>75006 Paris<\/div>\n<\/div>\n<\/div>\n<\/div>\n<div class=\"_2pi9 _2pi2\">\n<div class=\"clearfix _ikh\">\n<div class=\"_4bl9\">\n<div style=\"text-align: center;\">01 43 35 42 05<\/div>\n<div style=\"text-align: center;\">mail : tschann[at]free.fr<\/div>\n<\/div>\n<\/div>\n<\/div>\n<p>O\u00f9 nous acheter :<\/p>\n<ul>\n<li><a href=\"http:\/\/www.librairie-compagnie.fr\/\">Librairie Compagnie<\/a><\/li>\n<li><a href=\"https:\/\/www.editionskime.fr\/\">\u00c9dition Kim\u00e9<\/a><\/li>\n<li><a href=\"http:\/\/www.gibertjoseph.com\/magasins\/\">Gibert<\/a><\/li>\n<li><a href=\"https:\/\/www.lamachinealire.com\/\">La Machine \u00e0 Lire<\/a><\/li>\n<li>etc.<\/li>\n<\/ul>\n<p>V\u00e9rifier la pr\u00e9sence de la revue dans votre librairie pour la commander :<\/p>\n<ul>\n<li><a href=\"https:\/\/www.placedeslibraires.fr\/\">Place des Libraires<\/a><\/li>\n<\/ul>\n<p>Ou sur les sites commerciaux :\u202f<\/p>\n<ul>\n<li>Gibert Joseph<\/li>\n<li>Fnac<\/li>\n<li>etc.<\/li>\n<\/ul>\n\n","protected":false},"excerpt":{"rendered":"<p>L&rsquo;ensemble des num\u00e9ros sont disponibles dans la librairie Tschann : Librairie Tschann 125 boulevard du Montparnasse75006 Paris 01 43 35 42 05 mail : tschann[at]free.fr O\u00f9 nous acheter : Librairie Compagnie \u00c9dition Kim\u00e9 Gibert La Machine \u00e0 Lire etc. V\u00e9rifier la pr\u00e9sence de la revue dans votre librairie pour la commander : Place des Libraires [&hellip;]<\/p>\n","protected":false},"author":1,"featured_media":0,"parent":0,"menu_order":0,"comment_status":"closed","ping_status":"closed","template":"","meta":[],"acf":[],"yoast_head":"<!-- This site is optimized with the Yoast SEO plugin v18.5.1 - https:\/\/yoast.com\/wordpress\/plugins\/seo\/ -->\n<title>Achat - INCIDENCE<\/title>\n<meta name=\"description\" content=\"Le nouveau num\u00e9ro 15 : \u00ab V\u00e9rit\u00e9, fiction : faire vrai ou dire juste \u00bb sortira au printemps 2020 aux \u00e9ditions Kim\u00e9.\" \/>\n<meta name=\"robots\" content=\"index, follow, max-snippet:-1, max-image-preview:large, max-video-preview:-1\" \/>\n<link rel=\"canonical\" href=\"http:\/\/incidence-revue.fr\/index.php\/achat\/\" \/>\n<meta property=\"og:locale\" content=\"fr_FR\" \/>\n<meta property=\"og:type\" content=\"article\" \/>\n<meta property=\"og:title\" content=\"Achat - INCIDENCE\" \/>\n<meta property=\"og:description\" content=\"Le nouveau num\u00e9ro 15 : \u00ab V\u00e9rit\u00e9, fiction : faire vrai ou dire juste \u00bb sortira au printemps 2020 aux \u00e9ditions Kim\u00e9.\" \/>\n<meta property=\"og:url\" content=\"http:\/\/incidence-revue.fr\/index.php\/achat\/\" \/>\n<meta property=\"og:site_name\" content=\"INCIDENCE\" \/>\n<meta property=\"article:modified_time\" content=\"2022-08-21T13:52:35+00:00\" \/>\n<meta name=\"twitter:card\" content=\"summary_large_image\" \/>\n<meta name=\"twitter:label1\" content=\"Dur\u00e9e de lecture estim\u00e9e\" \/>\n\t<meta name=\"twitter:data1\" content=\"1 minute\" \/>\n<script type=\"application\/ld+json\" class=\"yoast-schema-graph\">{\"@context\":\"https:\/\/schema.org\",\"@graph\":[{\"@type\":\"Organization\",\"@id\":\"https:\/\/incidence-revue.fr\/#organization\",\"name\":\"Revue Incidence\",\"url\":\"https:\/\/incidence-revue.fr\/\",\"sameAs\":[],\"logo\":{\"@type\":\"ImageObject\",\"@id\":\"https:\/\/incidence-revue.fr\/#logo\",\"inLanguage\":\"fr-FR\",\"url\":\"http:\/\/incidence-revue.fr\/wp-content\/uploads\/2020\/12\/Logo-1-noir-1.jpg\",\"contentUrl\":\"http:\/\/incidence-revue.fr\/wp-content\/uploads\/2020\/12\/Logo-1-noir-1.jpg\",\"width\":233,\"height\":210,\"caption\":\"Revue Incidence\"},\"image\":{\"@id\":\"https:\/\/incidence-revue.fr\/#logo\"}},{\"@type\":\"WebSite\",\"@id\":\"https:\/\/incidence-revue.fr\/#website\",\"url\":\"https:\/\/incidence-revue.fr\/\",\"name\":\"INCIDENCE\",\"description\":\"PHILOSOPHIE, LITT\u00c9RATURE, SCIENCES HUMAINES ET SOCIALES\",\"publisher\":{\"@id\":\"https:\/\/incidence-revue.fr\/#organization\"},\"potentialAction\":[{\"@type\":\"SearchAction\",\"target\":{\"@type\":\"EntryPoint\",\"urlTemplate\":\"https:\/\/incidence-revue.fr\/?s={search_term_string}\"},\"query-input\":\"required name=search_term_string\"}],\"inLanguage\":\"fr-FR\"},{\"@type\":\"WebPage\",\"@id\":\"http:\/\/incidence-revue.fr\/index.php\/achat\/#webpage\",\"url\":\"http:\/\/incidence-revue.fr\/index.php\/achat\/\",\"name\":\"Achat - INCIDENCE\",\"isPartOf\":{\"@id\":\"https:\/\/incidence-revue.fr\/#website\"},\"datePublished\":\"2017-02-24T21:29:36+00:00\",\"dateModified\":\"2022-08-21T13:52:35+00:00\",\"description\":\"Le nouveau num\u00e9ro 15 : \u00ab V\u00e9rit\u00e9, fiction : faire vrai ou dire juste \u00bb sortira au printemps 2020 aux \u00e9ditions Kim\u00e9.\",\"breadcrumb\":{\"@id\":\"http:\/\/incidence-revue.fr\/index.php\/achat\/#breadcrumb\"},\"inLanguage\":\"fr-FR\",\"potentialAction\":[{\"@type\":\"ReadAction\",\"target\":[\"http:\/\/incidence-revue.fr\/index.php\/achat\/\"]}]},{\"@type\":\"BreadcrumbList\",\"@id\":\"http:\/\/incidence-revue.fr\/index.php\/achat\/#breadcrumb\",\"itemListElement\":[{\"@type\":\"ListItem\",\"position\":1,\"name\":\"Home\",\"item\":\"https:\/\/incidence-revue.fr\/\"},{\"@type\":\"ListItem\",\"position\":2,\"name\":\"Achat\"}]}]}<\/script>\n<!-- \/ Yoast SEO plugin. -->","yoast_head_json":{"title":"Achat - INCIDENCE","description":"Le nouveau num\u00e9ro 15 : \u00ab V\u00e9rit\u00e9, fiction : faire vrai ou dire juste \u00bb sortira au printemps 2020 aux \u00e9ditions Kim\u00e9.","robots":{"index":"index","follow":"follow","max-snippet":"max-snippet:-1","max-image-preview":"max-image-preview:large","max-video-preview":"max-video-preview:-1"},"canonical":"http:\/\/incidence-revue.fr\/index.php\/achat\/","og_locale":"fr_FR","og_type":"article","og_title":"Achat - INCIDENCE","og_description":"Le nouveau num\u00e9ro 15 : \u00ab V\u00e9rit\u00e9, fiction : faire vrai ou dire juste \u00bb sortira au printemps 2020 aux \u00e9ditions Kim\u00e9.","og_url":"http:\/\/incidence-revue.fr\/index.php\/achat\/","og_site_name":"INCIDENCE","article_modified_time":"2022-08-21T13:52:35+00:00","twitter_card":"summary_large_image","twitter_misc":{"Dur\u00e9e de lecture estim\u00e9e":"1 minute"},"schema":{"@context":"https:\/\/schema.org","@graph":[{"@type":"Organization","@id":"https:\/\/incidence-revue.fr\/#organization","name":"Revue Incidence","url":"https:\/\/incidence-revue.fr\/","sameAs":[],"logo":{"@type":"ImageObject","@id":"https:\/\/incidence-revue.fr\/#logo","inLanguage":"fr-FR","url":"http:\/\/incidence-revue.fr\/wp-content\/uploads\/2020\/12\/Logo-1-noir-1.jpg","contentUrl":"http:\/\/incidence-revue.fr\/wp-content\/uploads\/2020\/12\/Logo-1-noir-1.jpg","width":233,"height":210,"caption":"Revue Incidence"},"image":{"@id":"https:\/\/incidence-revue.fr\/#logo"}},{"@type":"WebSite","@id":"https:\/\/incidence-revue.fr\/#website","url":"https:\/\/incidence-revue.fr\/","name":"INCIDENCE","description":"PHILOSOPHIE, LITT\u00c9RATURE, SCIENCES HUMAINES ET SOCIALES","publisher":{"@id":"https:\/\/incidence-revue.fr\/#organization"},"potentialAction":[{"@type":"SearchAction","target":{"@type":"EntryPoint","urlTemplate":"https:\/\/incidence-revue.fr\/?s={search_term_string}"},"query-input":"required name=search_term_string"}],"inLanguage":"fr-FR"},{"@type":"WebPage","@id":"http:\/\/incidence-revue.fr\/index.php\/achat\/#webpage","url":"http:\/\/incidence-revue.fr\/index.php\/achat\/","name":"Achat - INCIDENCE","isPartOf":{"@id":"https:\/\/incidence-revue.fr\/#website"},"datePublished":"2017-02-24T21:29:36+00:00","dateModified":"2022-08-21T13:52:35+00:00","description":"Le nouveau num\u00e9ro 15 : \u00ab V\u00e9rit\u00e9, fiction : faire vrai ou dire juste \u00bb sortira au printemps 2020 aux \u00e9ditions Kim\u00e9.","breadcrumb":{"@id":"http:\/\/incidence-revue.fr\/index.php\/achat\/#breadcrumb"},"inLanguage":"fr-FR","potentialAction":[{"@type":"ReadAction","target":["http:\/\/incidence-revue.fr\/index.php\/achat\/"]}]},{"@type":"BreadcrumbList","@id":"http:\/\/incidence-revue.fr\/index.php\/achat\/#breadcrumb","itemListElement":[{"@type":"ListItem","position":1,"name":"Home","item":"https:\/\/incidence-revue.fr\/"},{"@type":"ListItem","position":2,"name":"Achat"}]}]}},"_links":{"self":[{"href":"https:\/\/incidence-revue.fr\/index.php\/wp-json\/wp\/v2\/pages\/137"}],"collection":[{"href":"https:\/\/incidence-revue.fr\/index.php\/wp-json\/wp\/v2\/pages"}],"about":[{"href":"https:\/\/incidence-revue.fr\/index.php\/wp-json\/wp\/v2\/types\/page"}],"author":[{"embeddable":true,"href":"https:\/\/incidence-revue.fr\/index.php\/wp-json\/wp\/v2\/users\/1"}],"replies":[{"embeddable":true,"href":"https:\/\/incidence-revue.fr\/index.php\/wp-json\/wp\/v2\/comments?post=137"}],"version-history":[{"count":10,"href":"https:\/\/incidence-revue.fr\/index.php\/wp-json\/wp\/v2\/pages\/137\/revisions"}],"predecessor-version":[{"id":1015,"href":"https:\/\/incidence-revue.fr\/index.php\/wp-json\/wp\/v2\/pages\/137\/revisions\/1015"}],"wp:attachment":[{"href":"https:\/\/incidence-revue.fr\/index.php\/wp-json\/wp\/v2\/media?parent=137"}],"curies":[{"name":"wp","href":"https:\/\/api.w.org\/{rel}","templated":true}]}}