{"id":129,"date":"2017-02-24T22:14:46","date_gmt":"2017-02-24T21:14:46","guid":{"rendered":"http:\/\/incidence-revue.fr\/?page_id=129"},"modified":"2022-01-19T10:16:43","modified_gmt":"2022-01-19T09:16:43","slug":"auteurs","status":"publish","type":"page","link":"https:\/\/incidence-revue.fr\/index.php\/auteurs\/","title":{"rendered":"Auteurs"},"content":{"rendered":"<p><a href=\"#A\">A<\/a> * <a href=\"#B\">B<\/a> * <a href=\"#C\">C<\/a> * <a href=\"#D\">D<\/a> * <a href=\"#E\">E<\/a> * <a href=\"#F\">F<\/a> * <a href=\"#G\">G<\/a> * <a href=\"#H\">H<\/a> * <a href=\"#I\">I<\/a> * <a href=\"#J\">J<\/a> * <a href=\"#K\">K<\/a> * <a href=\"#L\">L<\/a> * <a href=\"#M\">M<\/a> * <a href=\"#N\">N<\/a> * <a href=\"#O\">O<\/a> * <a href=\"#P\">P<\/a> * <a href=\"#Q\">Q<\/a> * <a href=\"#R\">R<\/a> * <a href=\"#S\">S<\/a> * <a href=\"#T\">T<\/a> * <a href=\"#U\">U<\/a> * <a href=\"#V\">V<\/a> * <a href=\"#W\">W<\/a> * <a href=\"#X\">X<\/a> * <a href=\"#Y\">Y<\/a> * <a href=\"#Z\">Z<\/a><\/p>\n<p>Liste alphab\u00e9tique des auteurs dont les textes ont \u00e9t\u00e9 publi\u00e9s dans la revue.<\/p>\n<hr \/>\n<p><a id=\"A\"><\/a>A <a href=\"#\">\u21d1<\/a><\/p>\n<p>Alfred Adler<\/p>\n<p>Chiara Alfieri<\/p>\n<p>Jan Assmann<\/p>\n<p><a id=\"B\"><\/a>B <a href=\"#\">\u21d1<\/a><\/p>\n<p>Sada-Mamadou Ba<\/p>\n<p>Etienne Balibar<\/p>\n<p>Mauro Basaure<\/p>\n<p>Julien Barroche<\/p>\n<p>Stella Baruk<\/p>\n<p>Anne Bayard-Sakai<\/p>\n<p>Bruno Bernadi<\/p>\n<p>Siegfried Bernfeld<\/p>\n<p>Richard J.Bernstein<\/p>\n<p>Joan Bestard<\/p>\n<p>Pierre Bonte<\/p>\n<p>Fr\u00e9d\u00e9ric Brahami<\/p>\n<p>Roberto Brigati<\/p>\n<p>Esteban Buch<\/p>\n<p>Claude Burgelin<\/p>\n<p>Judith Butler<\/p>\n<p>Monique Bydlowski<\/p>\n<p><a id=\"C\"><\/a>C <a href=\"#\">\u21d1<\/a><\/p>\n<p>Anne Cadoret<\/p>\n<p>Christine Cadot<\/p>\n<p>Fabrice Cahen<\/p>\n<p>Francesco Callegaro<\/p>\n<p>Michel Cartry<\/p>\n<p>Pierre-Henri Castel<\/p>\n<p>Catherine Cavalin<\/p>\n<p>Jean Cayrol<\/p>\n<p>Marc Cerisuelo<\/p>\n<p>Jonathan Chalier<\/p>\n<p>Pierre Charbonnier<\/p>\n<p>Dominique Clerc<\/p>\n<p>Mich\u00e8le Cohen-Halimi<\/p>\n<p>Philippe Crignon<\/p>\n<p><a id=\"D\"><\/a>D <a href=\"#\">\u21d1<\/a><\/p>\n<p>Susan Drucker-Brown<\/p>\n<p>St\u00e9phan Dugast<\/p>\n<p>Fran\u00e7oise Dumas-Champion<\/p>\n<p><a id=\"E\"><\/a>E <a href=\"#\">\u21d1<\/a><\/p>\n<p>\u00a0<\/p>\n<p><a id=\"F\"><\/a>F <a href=\"#\">\u21d1<\/a><\/p>\n<p>Arlette Farge<\/p>\n<p>John Farhat<\/p>\n<p>Paul Federn<\/p>\n<p>Pierre F\u00e9dida<\/p>\n<p>Stefania Ferrando<\/p>\n<p>Roger Ferreri<\/p>\n<p>John Forrester<\/p>\n<p>Jean-Marc Ferry<\/p>\n<p>Franck Fischbach<\/p>\n<p><a id=\"G\"><\/a>G <a href=\"#\">\u21d1<\/a><\/p>\n<p>Carlo Ginzburg<\/p>\n<p>Georges-Arthur Goldschmidt<\/p>\n<p>Wladimir Granoff<\/p>\n<p>Emmanuel Gripay<\/p>\n<p>Fr\u00e9d\u00e9ric Gros<\/p>\n<p>Fadwa El Guindi<\/p>\n<p><a id=\"H\"><\/a>H <a href=\"#\">\u21d1<\/a><\/p>\n<p>Anett Haldhazy<\/p>\n<p>Fran\u00e7oise H\u00e9ritier<\/p>\n<p>Carlos Miguel Herrera<\/p>\n<p>Axel Honneth<\/p>\n<p>Florence Hulak<\/p>\n<p><a id=\"I\"><\/a>I <a href=\"#\">\u21d1<\/a><\/p>\n<p>\u00a0<\/p>\n<p><a id=\"J\"><\/a>J <a href=\"#\">\u21d1<\/a><\/p>\n<p>Jean-Louis Jeanelle<\/p>\n<p>Odile Journet-Diallo<\/p>\n<p><a id=\"K\"><\/a>K <a href=\"#\">\u21d1<\/a><\/p>\n<p>Bruno Karsenti<\/p>\n<p>Hans Kelsen<\/p>\n<p><a id=\"L\"><\/a>L <a href=\"#\">\u21d1<\/a><\/p>\n<p>Patrick Lacoste<\/p>\n<p>Jacques Lagrange<\/p>\n<p>Andrea Lanza<\/p>\n<p>Alain Lazartigues<\/p>\n<p>David Lemler<\/p>\n<p>Ana\u00ebl Levy<\/p>\n<p>Danouta Liberski-Bagnoud<\/p>\n<p>J\u00e9r\u00f4me Loiseau<\/p>\n<p>Robert Lowie<\/p>\n<p><a id=\"M\"><\/a>M <a href=\"#\">\u21d1<\/a><\/p>\n<p>Pierre Macherey<\/p>\n<p>Enrique Mari<\/p>\n<p>Roland Masse<\/p>\n<p>Rudolf A.M\u00e9tall<\/p>\n<p>Susan P.Montague<\/p>\n<p>Marie Moscovici<\/p>\n<p><a id=\"N\"><\/a>N <a href=\"#\">\u21d1<\/a><\/p>\n<p>\u00a0<\/p>\n<p><a id=\"O\"><\/a>O <a href=\"#\">\u21d1<\/a><\/p>\n<p>Bertrand Ogilvie<\/p>\n<p><a id=\"P\"><\/a>P <a href=\"#\">\u21d1<\/a><\/p>\n<p>Jan Patocka<\/p>\n<p>Denis Pelletier<\/p>\n<p>Muriel Pic<\/p>\n<p>Emmanuel Picavet<\/p>\n<p>Enric Porqueres I G\u00e9n\u00e9<\/p>\n<p>Jean-Yves Pranch\u00e8re<\/p>\n<p>Jean-Marc Proslier<\/p>\n<p><a id=\"Q\"><\/a>Q <a href=\"#\">\u21d1<\/a><\/p>\n<p>\u00a0<\/p>\n<p><a id=\"R\"><\/a>R <a href=\"#\">\u21d1<\/a><\/p>\n<p>Dominique Rabat\u00e9<\/p>\n<p>Robert Ranc<\/p>\n<p>Paul-Andr\u00e9 Rosental<\/p>\n<p>Martin Rueff<\/p>\n<p>Pierre Rusch<\/p>\n<p><a id=\"S\"><\/a>S <a href=\"#\">\u21d1<\/a><\/p>\n<p>Carlas Salazar<\/p>\n<p>Gildas Salmon<\/p>\n<p>Jean-Fr\u00e9d\u00e9ric Schaub<\/p>\n<p>Thomas C.Schelling<\/p>\n<p>Aldo Schiavone<\/p>\n<p>Monique Schneider<\/p>\n<p>G\u00e9rald Sfez<\/p>\n<p>Alessandro Stanziani<\/p>\n<p>Dominique Suchet<\/p>\n<p><a id=\"T\"><\/a>T <a href=\"#\">\u21d1<\/a><\/p>\n<p>Ferhat Taylan<\/p>\n<p>Jean Terrier<\/p>\n<p>Alexandra Tischel<\/p>\n<p>Donald Tuzin<\/p>\n<p><a id=\"U\"><\/a>U <a href=\"#\">\u21d1<\/a><\/p>\n<p>\u00a0<\/p>\n<p><a id=\"V\"><\/a>V <a href=\"#\">\u21d1<\/a><\/p>\n<p>Soline Vennetier<\/p>\n<p>Bernard Vouilloux<\/p>\n<p><a id=\"W\"><\/a>W <a href=\"#\">\u21d1<\/a><\/p>\n<p>Joseph H.H. Weiler<\/p>\n<p>Dagmar Weinberg<\/p>\n<p>J\u00e9r\u00f4me Wilgaux<\/p>\n<p><a id=\"X\"><\/a>X <a href=\"#\">\u21d1<\/a><\/p>\n<p>\u00a0<\/p>\n<p><a id=\"Y\"><\/a>Y <a href=\"#\">\u21d1<\/a><\/p>\n<p>\u00a0<\/p>\n<p><a id=\"Z\"><\/a>Z <a href=\"#\">\u21d1<\/a><\/p>\n<p>\u00a0<\/p>\n\n","protected":false},"excerpt":{"rendered":"<p>A * B * C * D * E * F * G * H * I * J * K * L * M * N * O * P * Q * R * S * T * U * V * W * X * Y * Z Liste alphab\u00e9tique des auteurs [&hellip;]<\/p>\n","protected":false},"author":1,"featured_media":0,"parent":0,"menu_order":0,"comment_status":"closed","ping_status":"closed","template":"","meta":[],"acf":[],"yoast_head":"<!-- This site is optimized with the Yoast SEO plugin v18.5.1 - https:\/\/yoast.com\/wordpress\/plugins\/seo\/ -->\n<title>Auteurs - INCIDENCE<\/title>\n<meta name=\"description\" content=\"Le nouveau num\u00e9ro 15 : \u00ab V\u00e9rit\u00e9, fiction : faire vrai ou dire juste \u00bb sortira au printemps 2020 aux \u00e9ditions Kim\u00e9.\" \/>\n<meta name=\"robots\" content=\"index, follow, max-snippet:-1, max-image-preview:large, max-video-preview:-1\" \/>\n<link rel=\"canonical\" href=\"http:\/\/incidence-revue.fr\/index.php\/auteurs\/\" \/>\n<meta property=\"og:locale\" content=\"fr_FR\" \/>\n<meta property=\"og:type\" content=\"article\" \/>\n<meta property=\"og:title\" content=\"Auteurs - INCIDENCE\" \/>\n<meta property=\"og:description\" content=\"Le nouveau num\u00e9ro 15 : \u00ab V\u00e9rit\u00e9, fiction : faire vrai ou dire juste \u00bb sortira au printemps 2020 aux \u00e9ditions Kim\u00e9.\" \/>\n<meta property=\"og:url\" content=\"http:\/\/incidence-revue.fr\/index.php\/auteurs\/\" \/>\n<meta property=\"og:site_name\" content=\"INCIDENCE\" \/>\n<meta property=\"article:modified_time\" content=\"2022-01-19T09:16:43+00:00\" \/>\n<meta name=\"twitter:card\" content=\"summary_large_image\" \/>\n<meta name=\"twitter:label1\" content=\"Dur\u00e9e de lecture estim\u00e9e\" \/>\n\t<meta name=\"twitter:data1\" content=\"2 minutes\" \/>\n<script type=\"application\/ld+json\" class=\"yoast-schema-graph\">{\"@context\":\"https:\/\/schema.org\",\"@graph\":[{\"@type\":\"Organization\",\"@id\":\"https:\/\/incidence-revue.fr\/#organization\",\"name\":\"Revue Incidence\",\"url\":\"https:\/\/incidence-revue.fr\/\",\"sameAs\":[],\"logo\":{\"@type\":\"ImageObject\",\"@id\":\"https:\/\/incidence-revue.fr\/#logo\",\"inLanguage\":\"fr-FR\",\"url\":\"http:\/\/incidence-revue.fr\/wp-content\/uploads\/2020\/12\/Logo-1-noir-1.jpg\",\"contentUrl\":\"http:\/\/incidence-revue.fr\/wp-content\/uploads\/2020\/12\/Logo-1-noir-1.jpg\",\"width\":233,\"height\":210,\"caption\":\"Revue Incidence\"},\"image\":{\"@id\":\"https:\/\/incidence-revue.fr\/#logo\"}},{\"@type\":\"WebSite\",\"@id\":\"https:\/\/incidence-revue.fr\/#website\",\"url\":\"https:\/\/incidence-revue.fr\/\",\"name\":\"INCIDENCE\",\"description\":\"PHILOSOPHIE, LITT\u00c9RATURE, SCIENCES HUMAINES ET SOCIALES\",\"publisher\":{\"@id\":\"https:\/\/incidence-revue.fr\/#organization\"},\"potentialAction\":[{\"@type\":\"SearchAction\",\"target\":{\"@type\":\"EntryPoint\",\"urlTemplate\":\"https:\/\/incidence-revue.fr\/?s={search_term_string}\"},\"query-input\":\"required name=search_term_string\"}],\"inLanguage\":\"fr-FR\"},{\"@type\":\"WebPage\",\"@id\":\"http:\/\/incidence-revue.fr\/index.php\/auteurs\/#webpage\",\"url\":\"http:\/\/incidence-revue.fr\/index.php\/auteurs\/\",\"name\":\"Auteurs - INCIDENCE\",\"isPartOf\":{\"@id\":\"https:\/\/incidence-revue.fr\/#website\"},\"datePublished\":\"2017-02-24T21:14:46+00:00\",\"dateModified\":\"2022-01-19T09:16:43+00:00\",\"description\":\"Le nouveau num\u00e9ro 15 : \u00ab V\u00e9rit\u00e9, fiction : faire vrai ou dire juste \u00bb sortira au printemps 2020 aux \u00e9ditions Kim\u00e9.\",\"breadcrumb\":{\"@id\":\"http:\/\/incidence-revue.fr\/index.php\/auteurs\/#breadcrumb\"},\"inLanguage\":\"fr-FR\",\"potentialAction\":[{\"@type\":\"ReadAction\",\"target\":[\"http:\/\/incidence-revue.fr\/index.php\/auteurs\/\"]}]},{\"@type\":\"BreadcrumbList\",\"@id\":\"http:\/\/incidence-revue.fr\/index.php\/auteurs\/#breadcrumb\",\"itemListElement\":[{\"@type\":\"ListItem\",\"position\":1,\"name\":\"Home\",\"item\":\"https:\/\/incidence-revue.fr\/\"},{\"@type\":\"ListItem\",\"position\":2,\"name\":\"Auteurs\"}]}]}<\/script>\n<!-- \/ Yoast SEO plugin. -->","yoast_head_json":{"title":"Auteurs - INCIDENCE","description":"Le nouveau num\u00e9ro 15 : \u00ab V\u00e9rit\u00e9, fiction : faire vrai ou dire juste \u00bb sortira au printemps 2020 aux \u00e9ditions Kim\u00e9.","robots":{"index":"index","follow":"follow","max-snippet":"max-snippet:-1","max-image-preview":"max-image-preview:large","max-video-preview":"max-video-preview:-1"},"canonical":"http:\/\/incidence-revue.fr\/index.php\/auteurs\/","og_locale":"fr_FR","og_type":"article","og_title":"Auteurs - INCIDENCE","og_description":"Le nouveau num\u00e9ro 15 : \u00ab V\u00e9rit\u00e9, fiction : faire vrai ou dire juste \u00bb sortira au printemps 2020 aux \u00e9ditions Kim\u00e9.","og_url":"http:\/\/incidence-revue.fr\/index.php\/auteurs\/","og_site_name":"INCIDENCE","article_modified_time":"2022-01-19T09:16:43+00:00","twitter_card":"summary_large_image","twitter_misc":{"Dur\u00e9e de lecture estim\u00e9e":"2 minutes"},"schema":{"@context":"https:\/\/schema.org","@graph":[{"@type":"Organization","@id":"https:\/\/incidence-revue.fr\/#organization","name":"Revue Incidence","url":"https:\/\/incidence-revue.fr\/","sameAs":[],"logo":{"@type":"ImageObject","@id":"https:\/\/incidence-revue.fr\/#logo","inLanguage":"fr-FR","url":"http:\/\/incidence-revue.fr\/wp-content\/uploads\/2020\/12\/Logo-1-noir-1.jpg","contentUrl":"http:\/\/incidence-revue.fr\/wp-content\/uploads\/2020\/12\/Logo-1-noir-1.jpg","width":233,"height":210,"caption":"Revue Incidence"},"image":{"@id":"https:\/\/incidence-revue.fr\/#logo"}},{"@type":"WebSite","@id":"https:\/\/incidence-revue.fr\/#website","url":"https:\/\/incidence-revue.fr\/","name":"INCIDENCE","description":"PHILOSOPHIE, LITT\u00c9RATURE, SCIENCES HUMAINES ET SOCIALES","publisher":{"@id":"https:\/\/incidence-revue.fr\/#organization"},"potentialAction":[{"@type":"SearchAction","target":{"@type":"EntryPoint","urlTemplate":"https:\/\/incidence-revue.fr\/?s={search_term_string}"},"query-input":"required name=search_term_string"}],"inLanguage":"fr-FR"},{"@type":"WebPage","@id":"http:\/\/incidence-revue.fr\/index.php\/auteurs\/#webpage","url":"http:\/\/incidence-revue.fr\/index.php\/auteurs\/","name":"Auteurs - INCIDENCE","isPartOf":{"@id":"https:\/\/incidence-revue.fr\/#website"},"datePublished":"2017-02-24T21:14:46+00:00","dateModified":"2022-01-19T09:16:43+00:00","description":"Le nouveau num\u00e9ro 15 : \u00ab V\u00e9rit\u00e9, fiction : faire vrai ou dire juste \u00bb sortira au printemps 2020 aux \u00e9ditions Kim\u00e9.","breadcrumb":{"@id":"http:\/\/incidence-revue.fr\/index.php\/auteurs\/#breadcrumb"},"inLanguage":"fr-FR","potentialAction":[{"@type":"ReadAction","target":["http:\/\/incidence-revue.fr\/index.php\/auteurs\/"]}]},{"@type":"BreadcrumbList","@id":"http:\/\/incidence-revue.fr\/index.php\/auteurs\/#breadcrumb","itemListElement":[{"@type":"ListItem","position":1,"name":"Home","item":"https:\/\/incidence-revue.fr\/"},{"@type":"ListItem","position":2,"name":"Auteurs"}]}]}},"_links":{"self":[{"href":"https:\/\/incidence-revue.fr\/index.php\/wp-json\/wp\/v2\/pages\/129"}],"collection":[{"href":"https:\/\/incidence-revue.fr\/index.php\/wp-json\/wp\/v2\/pages"}],"about":[{"href":"https:\/\/incidence-revue.fr\/index.php\/wp-json\/wp\/v2\/types\/page"}],"author":[{"embeddable":true,"href":"https:\/\/incidence-revue.fr\/index.php\/wp-json\/wp\/v2\/users\/1"}],"replies":[{"embeddable":true,"href":"https:\/\/incidence-revue.fr\/index.php\/wp-json\/wp\/v2\/comments?post=129"}],"version-history":[{"count":27,"href":"https:\/\/incidence-revue.fr\/index.php\/wp-json\/wp\/v2\/pages\/129\/revisions"}],"predecessor-version":[{"id":844,"href":"https:\/\/incidence-revue.fr\/index.php\/wp-json\/wp\/v2\/pages\/129\/revisions\/844"}],"wp:attachment":[{"href":"https:\/\/incidence-revue.fr\/index.php\/wp-json\/wp\/v2\/media?parent=129"}],"curies":[{"name":"wp","href":"https:\/\/api.w.org\/{rel}","templated":true}]}}