{"id":120,"date":"2017-02-24T22:09:21","date_gmt":"2017-02-24T21:09:21","guid":{"rendered":"http:\/\/incidence-revue.fr\/?page_id=120"},"modified":"2022-01-19T10:14:11","modified_gmt":"2022-01-19T09:14:11","slug":"nos-numeros","status":"publish","type":"page","link":"https:\/\/incidence-revue.fr\/index.php\/nos-numeros\/","title":{"rendered":"Nos Num\u00e9ros"},"content":{"rendered":"\t\t<div data-elementor-type=\"wp-page\" data-elementor-id=\"120\" class=\"elementor elementor-120\">\n\t\t\t\t\t\t\t\t\t<section class=\"elementor-section elementor-top-section elementor-element elementor-element-6a44d8fc elementor-section-full_width elementor-section-height-default elementor-section-height-default\" data-id=\"6a44d8fc\" data-element_type=\"section\" data-settings=\"{&quot;animation&quot;:&quot;none&quot;}\">\n\t\t\t\t\t\t<div class=\"elementor-container elementor-column-gap-default\">\n\t\t\t\t\t<div class=\"elementor-column elementor-col-100 elementor-top-column elementor-element elementor-element-40ec55df\" data-id=\"40ec55df\" data-element_type=\"column\" data-settings=\"{&quot;animation&quot;:&quot;none&quot;}\">\n\t\t\t<div class=\"elementor-widget-wrap elementor-element-populated\">\n\t\t\t\t\t\t\t\t<div class=\"elementor-element elementor-element-6d02d5a animated-slow elementor-widget elementor-widget-heading\" data-id=\"6d02d5a\" data-element_type=\"widget\" data-settings=\"{&quot;_animation&quot;:&quot;none&quot;}\" data-widget_type=\"heading.default\">\n\t\t\t\t<div class=\"elementor-widget-container\">\n\t\t\t<style>\/*! elementor - v3.6.4 - 13-04-2022 *\/\n.elementor-heading-title{padding:0;margin:0;line-height:1}.elementor-widget-heading .elementor-heading-title[class*=elementor-size-]>a{color:inherit;font-size:inherit;line-height:inherit}.elementor-widget-heading .elementor-heading-title.elementor-size-small{font-size:15px}.elementor-widget-heading .elementor-heading-title.elementor-size-medium{font-size:19px}.elementor-widget-heading .elementor-heading-title.elementor-size-large{font-size:29px}.elementor-widget-heading .elementor-heading-title.elementor-size-xl{font-size:39px}.elementor-widget-heading .elementor-heading-title.elementor-size-xxl{font-size:59px}<\/style><span class=\"elementor-heading-title elementor-size-default\">NUM\u00c9ROS\nIncidence<\/span>\t\t<\/div>\n\t\t\t\t<\/div>\n\t\t\t\t\t<\/div>\n\t\t<\/div>\n\t\t\t\t\t\t\t<\/div>\n\t\t<\/section>\n\t\t\t\t<section class=\"elementor-section elementor-top-section elementor-element elementor-element-26c8564 elementor-section-boxed elementor-section-height-default elementor-section-height-default\" data-id=\"26c8564\" data-element_type=\"section\">\n\t\t\t\t\t\t<div class=\"elementor-container elementor-column-gap-default\">\n\t\t\t\t\t<div class=\"elementor-column elementor-col-100 elementor-top-column elementor-element elementor-element-5763edd3\" data-id=\"5763edd3\" data-element_type=\"column\">\n\t\t\t<div class=\"elementor-widget-wrap elementor-element-populated\">\n\t\t\t\t\t\t\t\t<div class=\"elementor-element elementor-element-d80792e elementor-widget elementor-widget-text-editor\" data-id=\"d80792e\" data-element_type=\"widget\" data-widget_type=\"text-editor.default\">\n\t\t\t\t<div class=\"elementor-widget-container\">\n\t\t\t<style>\/*! elementor - v3.6.4 - 13-04-2022 *\/\n.elementor-widget-text-editor.elementor-drop-cap-view-stacked .elementor-drop-cap{background-color:#818a91;color:#fff}.elementor-widget-text-editor.elementor-drop-cap-view-framed .elementor-drop-cap{color:#818a91;border:3px solid;background-color:transparent}.elementor-widget-text-editor:not(.elementor-drop-cap-view-default) .elementor-drop-cap{margin-top:8px}.elementor-widget-text-editor:not(.elementor-drop-cap-view-default) .elementor-drop-cap-letter{width:1em;height:1em}.elementor-widget-text-editor .elementor-drop-cap{float:left;text-align:center;line-height:1;font-size:50px}.elementor-widget-text-editor .elementor-drop-cap-letter{display:inline-block}<\/style>\t\t\t\t<p><a href=\"http:\/\/incidence-revue.fr\/index.php\/2017\/02\/24\/116\/\">Incidence 1, Qu&rsquo;est-ce que la parent\u00e9 ?<\/a><br \/><a href=\"http:\/\/incidence-revue.fr\/index.php\/2017\/02\/24\/incidence-2\/\"> Incidence 2, Le d\u00e9ni de r\u00e9alit\u00e9<\/a><br \/><a href=\"http:\/\/incidence-revue.fr\/index.php\/2017\/02\/24\/incidence-3\/\"> Incidence 3, Le surmoi, gen\u00e8se politique<\/a><br \/><a href=\"http:\/\/incidence-revue.fr\/index.php\/2017\/02\/24\/incidence-4-5\/\"> Incidence 4-5, Foucault et la psychanalyse<\/a><br \/><a href=\"http:\/\/incidence-revue.fr\/index.php\/2017\/02\/24\/incidence-6\/\"> Incidence 6, Le chemin du rite<\/a><br \/><a href=\"http:\/\/incidence-revue.fr\/index.php\/2017\/02\/24\/incidence-7\/\"> Incidence 7, L&rsquo;\u00e9nigme du r\u00e9gicide : institution et rupture du politique<\/a><br \/><a href=\"http:\/\/incidence-revue.fr\/index.php\/2017\/02\/24\/incidence-8\/\"> Incidence 8, Figures de Mo\u00efse dans la philosophie politique<\/a><br \/><a href=\"http:\/\/incidence-revue.fr\/index.php\/2017\/02\/24\/incidence-9\/\"> Incidence 9, Les Incertitudes de l&rsquo;inceste. Autour de l&rsquo;anthropologie symbolique de Fran\u00e7oise H\u00e9ritier<\/a><br \/><a href=\"http:\/\/incidence-revue.fr\/index.php\/2017\/02\/24\/incidence-10\/\"> Incidence 10, L&rsquo;Europe au risque de ses paradoxes<\/a><br \/><a href=\"http:\/\/incidence-revue.fr\/index.php\/2017\/02\/24\/incidence-11\/\"> Incidence 11, Le sens du socialisme &#8211; Histoire et actualit\u00e9 d&rsquo;un probl\u00e8me sociologique<\/a><br \/><a href=\"http:\/\/incidence-revue.fr\/index.php\/2017\/02\/24\/incidence-12\/\"> Incidence 12, La mesure de la valeur humaine<\/a><br \/><a href=\"http:\/\/incidence-revue.fr\/index.php\/2018\/10\/18\/incidence-13-14\/\">Incidence 13\/14, \u00ab Comment rester freudien ? Hommage \u00e0 Marie Moscovici et \u00e0 la revue l&rsquo;Inactuel. \u00bb<\/a><br \/><a href=\"http:\/\/incidence-revue.fr\/index.php\/2019\/07\/15\/prochainement-le-nouveau-numero-15-de-la-revue-incidence\/\">Incidence 15, \u00ab V\u00e9rit\u00e9, fiction : faire vrai ou dire juste \u00bb<\/a><\/p>\n<p>\u00a0<\/p>\n<!-- wp:tadv\/classic-paragraph \/-->\t\t\t\t\t\t<\/div>\n\t\t\t\t<\/div>\n\t\t\t\t\t<\/div>\n\t\t<\/div>\n\t\t\t\t\t\t\t<\/div>\n\t\t<\/section>\n\t\t\t\t\t\t\t<\/div>\n\t\t","protected":false},"excerpt":{"rendered":"<p>NUM\u00c9ROS Incidence Incidence 1, Qu&rsquo;est-ce que la parent\u00e9 ? Incidence 2, Le d\u00e9ni de r\u00e9alit\u00e9 Incidence 3, Le surmoi, gen\u00e8se politique Incidence 4-5, Foucault et la psychanalyse Incidence 6, Le chemin du rite Incidence 7, L&rsquo;\u00e9nigme du r\u00e9gicide : institution et rupture du politique Incidence 8, Figures de Mo\u00efse dans la philosophie politique Incidence 9, [&hellip;]<\/p>\n","protected":false},"author":1,"featured_media":0,"parent":0,"menu_order":0,"comment_status":"closed","ping_status":"closed","template":"","meta":[],"acf":[],"yoast_head":"<!-- This site is optimized with the Yoast SEO plugin v18.5.1 - https:\/\/yoast.com\/wordpress\/plugins\/seo\/ -->\n<title>Nos Num\u00e9ros - INCIDENCE<\/title>\n<meta name=\"description\" content=\"Le nouveau num\u00e9ro 15 : \u00ab V\u00e9rit\u00e9, fiction : faire vrai ou dire juste \u00bb sortira au printemps 2020 aux \u00e9ditions Kim\u00e9.\" \/>\n<meta name=\"robots\" content=\"index, follow, max-snippet:-1, max-image-preview:large, max-video-preview:-1\" \/>\n<link rel=\"canonical\" href=\"https:\/\/incidence-revue.fr\/index.php\/nos-numeros\/\" \/>\n<meta property=\"og:locale\" content=\"fr_FR\" \/>\n<meta property=\"og:type\" content=\"article\" \/>\n<meta property=\"og:title\" content=\"Nos Num\u00e9ros - INCIDENCE\" \/>\n<meta property=\"og:description\" content=\"Le nouveau num\u00e9ro 15 : \u00ab V\u00e9rit\u00e9, fiction : faire vrai ou dire juste \u00bb sortira au printemps 2020 aux \u00e9ditions Kim\u00e9.\" \/>\n<meta property=\"og:url\" content=\"https:\/\/incidence-revue.fr\/index.php\/nos-numeros\/\" \/>\n<meta property=\"og:site_name\" content=\"INCIDENCE\" \/>\n<meta property=\"article:modified_time\" content=\"2022-01-19T09:14:11+00:00\" \/>\n<meta name=\"twitter:card\" content=\"summary_large_image\" \/>\n<meta name=\"twitter:label1\" content=\"Dur\u00e9e de lecture estim\u00e9e\" \/>\n\t<meta name=\"twitter:data1\" content=\"1 minute\" \/>\n<script type=\"application\/ld+json\" class=\"yoast-schema-graph\">{\"@context\":\"https:\/\/schema.org\",\"@graph\":[{\"@type\":\"Organization\",\"@id\":\"https:\/\/incidence-revue.fr\/#organization\",\"name\":\"Revue Incidence\",\"url\":\"https:\/\/incidence-revue.fr\/\",\"sameAs\":[],\"logo\":{\"@type\":\"ImageObject\",\"@id\":\"https:\/\/incidence-revue.fr\/#logo\",\"inLanguage\":\"fr-FR\",\"url\":\"http:\/\/incidence-revue.fr\/wp-content\/uploads\/2020\/12\/Logo-1-noir-1.jpg\",\"contentUrl\":\"http:\/\/incidence-revue.fr\/wp-content\/uploads\/2020\/12\/Logo-1-noir-1.jpg\",\"width\":233,\"height\":210,\"caption\":\"Revue Incidence\"},\"image\":{\"@id\":\"https:\/\/incidence-revue.fr\/#logo\"}},{\"@type\":\"WebSite\",\"@id\":\"https:\/\/incidence-revue.fr\/#website\",\"url\":\"https:\/\/incidence-revue.fr\/\",\"name\":\"INCIDENCE\",\"description\":\"PHILOSOPHIE, LITT\u00c9RATURE, SCIENCES HUMAINES ET SOCIALES\",\"publisher\":{\"@id\":\"https:\/\/incidence-revue.fr\/#organization\"},\"potentialAction\":[{\"@type\":\"SearchAction\",\"target\":{\"@type\":\"EntryPoint\",\"urlTemplate\":\"https:\/\/incidence-revue.fr\/?s={search_term_string}\"},\"query-input\":\"required name=search_term_string\"}],\"inLanguage\":\"fr-FR\"},{\"@type\":\"WebPage\",\"@id\":\"https:\/\/incidence-revue.fr\/index.php\/nos-numeros\/#webpage\",\"url\":\"https:\/\/incidence-revue.fr\/index.php\/nos-numeros\/\",\"name\":\"Nos Num\u00e9ros - INCIDENCE\",\"isPartOf\":{\"@id\":\"https:\/\/incidence-revue.fr\/#website\"},\"datePublished\":\"2017-02-24T21:09:21+00:00\",\"dateModified\":\"2022-01-19T09:14:11+00:00\",\"description\":\"Le nouveau num\u00e9ro 15 : \u00ab V\u00e9rit\u00e9, fiction : faire vrai ou dire juste \u00bb sortira au printemps 2020 aux \u00e9ditions Kim\u00e9.\",\"breadcrumb\":{\"@id\":\"https:\/\/incidence-revue.fr\/index.php\/nos-numeros\/#breadcrumb\"},\"inLanguage\":\"fr-FR\",\"potentialAction\":[{\"@type\":\"ReadAction\",\"target\":[\"https:\/\/incidence-revue.fr\/index.php\/nos-numeros\/\"]}]},{\"@type\":\"BreadcrumbList\",\"@id\":\"https:\/\/incidence-revue.fr\/index.php\/nos-numeros\/#breadcrumb\",\"itemListElement\":[{\"@type\":\"ListItem\",\"position\":1,\"name\":\"Home\",\"item\":\"https:\/\/incidence-revue.fr\/\"},{\"@type\":\"ListItem\",\"position\":2,\"name\":\"Nos Num\u00e9ros\"}]}]}<\/script>\n<!-- \/ Yoast SEO plugin. -->","yoast_head_json":{"title":"Nos Num\u00e9ros - INCIDENCE","description":"Le nouveau num\u00e9ro 15 : \u00ab V\u00e9rit\u00e9, fiction : faire vrai ou dire juste \u00bb sortira au printemps 2020 aux \u00e9ditions Kim\u00e9.","robots":{"index":"index","follow":"follow","max-snippet":"max-snippet:-1","max-image-preview":"max-image-preview:large","max-video-preview":"max-video-preview:-1"},"canonical":"https:\/\/incidence-revue.fr\/index.php\/nos-numeros\/","og_locale":"fr_FR","og_type":"article","og_title":"Nos Num\u00e9ros - INCIDENCE","og_description":"Le nouveau num\u00e9ro 15 : \u00ab V\u00e9rit\u00e9, fiction : faire vrai ou dire juste \u00bb sortira au printemps 2020 aux \u00e9ditions Kim\u00e9.","og_url":"https:\/\/incidence-revue.fr\/index.php\/nos-numeros\/","og_site_name":"INCIDENCE","article_modified_time":"2022-01-19T09:14:11+00:00","twitter_card":"summary_large_image","twitter_misc":{"Dur\u00e9e de lecture estim\u00e9e":"1 minute"},"schema":{"@context":"https:\/\/schema.org","@graph":[{"@type":"Organization","@id":"https:\/\/incidence-revue.fr\/#organization","name":"Revue Incidence","url":"https:\/\/incidence-revue.fr\/","sameAs":[],"logo":{"@type":"ImageObject","@id":"https:\/\/incidence-revue.fr\/#logo","inLanguage":"fr-FR","url":"http:\/\/incidence-revue.fr\/wp-content\/uploads\/2020\/12\/Logo-1-noir-1.jpg","contentUrl":"http:\/\/incidence-revue.fr\/wp-content\/uploads\/2020\/12\/Logo-1-noir-1.jpg","width":233,"height":210,"caption":"Revue Incidence"},"image":{"@id":"https:\/\/incidence-revue.fr\/#logo"}},{"@type":"WebSite","@id":"https:\/\/incidence-revue.fr\/#website","url":"https:\/\/incidence-revue.fr\/","name":"INCIDENCE","description":"PHILOSOPHIE, LITT\u00c9RATURE, SCIENCES HUMAINES ET SOCIALES","publisher":{"@id":"https:\/\/incidence-revue.fr\/#organization"},"potentialAction":[{"@type":"SearchAction","target":{"@type":"EntryPoint","urlTemplate":"https:\/\/incidence-revue.fr\/?s={search_term_string}"},"query-input":"required name=search_term_string"}],"inLanguage":"fr-FR"},{"@type":"WebPage","@id":"https:\/\/incidence-revue.fr\/index.php\/nos-numeros\/#webpage","url":"https:\/\/incidence-revue.fr\/index.php\/nos-numeros\/","name":"Nos Num\u00e9ros - INCIDENCE","isPartOf":{"@id":"https:\/\/incidence-revue.fr\/#website"},"datePublished":"2017-02-24T21:09:21+00:00","dateModified":"2022-01-19T09:14:11+00:00","description":"Le nouveau num\u00e9ro 15 : \u00ab V\u00e9rit\u00e9, fiction : faire vrai ou dire juste \u00bb sortira au printemps 2020 aux \u00e9ditions Kim\u00e9.","breadcrumb":{"@id":"https:\/\/incidence-revue.fr\/index.php\/nos-numeros\/#breadcrumb"},"inLanguage":"fr-FR","potentialAction":[{"@type":"ReadAction","target":["https:\/\/incidence-revue.fr\/index.php\/nos-numeros\/"]}]},{"@type":"BreadcrumbList","@id":"https:\/\/incidence-revue.fr\/index.php\/nos-numeros\/#breadcrumb","itemListElement":[{"@type":"ListItem","position":1,"name":"Home","item":"https:\/\/incidence-revue.fr\/"},{"@type":"ListItem","position":2,"name":"Nos Num\u00e9ros"}]}]}},"_links":{"self":[{"href":"https:\/\/incidence-revue.fr\/index.php\/wp-json\/wp\/v2\/pages\/120"}],"collection":[{"href":"https:\/\/incidence-revue.fr\/index.php\/wp-json\/wp\/v2\/pages"}],"about":[{"href":"https:\/\/incidence-revue.fr\/index.php\/wp-json\/wp\/v2\/types\/page"}],"author":[{"embeddable":true,"href":"https:\/\/incidence-revue.fr\/index.php\/wp-json\/wp\/v2\/users\/1"}],"replies":[{"embeddable":true,"href":"https:\/\/incidence-revue.fr\/index.php\/wp-json\/wp\/v2\/comments?post=120"}],"version-history":[{"count":34,"href":"https:\/\/incidence-revue.fr\/index.php\/wp-json\/wp\/v2\/pages\/120\/revisions"}],"predecessor-version":[{"id":840,"href":"https:\/\/incidence-revue.fr\/index.php\/wp-json\/wp\/v2\/pages\/120\/revisions\/840"}],"wp:attachment":[{"href":"https:\/\/incidence-revue.fr\/index.php\/wp-json\/wp\/v2\/media?parent=120"}],"curies":[{"name":"wp","href":"https:\/\/api.w.org\/{rel}","templated":true}]}}