{"id":106,"date":"2017-02-24T21:26:44","date_gmt":"2017-02-24T20:26:44","guid":{"rendered":"http:\/\/incidence-revue.fr\/?page_id=106"},"modified":"2022-01-19T10:02:16","modified_gmt":"2022-01-19T09:02:16","slug":"presentation","status":"publish","type":"page","link":"https:\/\/incidence-revue.fr\/index.php\/presentation\/","title":{"rendered":"Pr\u00e9sentation"},"content":{"rendered":"\t\t<div data-elementor-type=\"wp-page\" data-elementor-id=\"106\" class=\"elementor elementor-106\">\n\t\t\t\t\t\t\t\t\t<section class=\"elementor-section elementor-top-section elementor-element elementor-element-738cc55a elementor-section-full_width elementor-section-content-top elementor-section-height-default elementor-section-height-default\" data-id=\"738cc55a\" data-element_type=\"section\">\n\t\t\t\t\t\t<div class=\"elementor-container elementor-column-gap-no\">\n\t\t\t\t\t<div class=\"elementor-column elementor-col-50 elementor-top-column elementor-element elementor-element-6d3a9695\" data-id=\"6d3a9695\" data-element_type=\"column\" data-settings=\"{&quot;background_background&quot;:&quot;classic&quot;}\">\n\t\t\t<div class=\"elementor-widget-wrap elementor-element-populated\">\n\t\t\t\t\t<div class=\"elementor-background-overlay\"><\/div>\n\t\t\t\t\t\t\t\t<div class=\"elementor-element elementor-element-fe25dcc elementor-widget elementor-widget-heading\" data-id=\"fe25dcc\" data-element_type=\"widget\" data-widget_type=\"heading.default\">\n\t\t\t\t<div class=\"elementor-widget-container\">\n\t\t\t<style>\/*! elementor - v3.6.4 - 13-04-2022 *\/\n.elementor-heading-title{padding:0;margin:0;line-height:1}.elementor-widget-heading .elementor-heading-title[class*=elementor-size-]>a{color:inherit;font-size:inherit;line-height:inherit}.elementor-widget-heading .elementor-heading-title.elementor-size-small{font-size:15px}.elementor-widget-heading .elementor-heading-title.elementor-size-medium{font-size:19px}.elementor-widget-heading .elementor-heading-title.elementor-size-large{font-size:29px}.elementor-widget-heading .elementor-heading-title.elementor-size-xl{font-size:39px}.elementor-widget-heading .elementor-heading-title.elementor-size-xxl{font-size:59px}<\/style><h4 class=\"elementor-heading-title elementor-size-default\">Pr\u00e9sentation<\/h4>\t\t<\/div>\n\t\t\t\t<\/div>\n\t\t\t\t\t<\/div>\n\t\t<\/div>\n\t\t\t\t<div class=\"elementor-column elementor-col-50 elementor-top-column elementor-element elementor-element-4f27f358\" data-id=\"4f27f358\" data-element_type=\"column\">\n\t\t\t<div class=\"elementor-widget-wrap elementor-element-populated\">\n\t\t\t\t\t\t\t\t<div class=\"elementor-element elementor-element-6e068ac3 elementor-widget elementor-widget-text-editor\" data-id=\"6e068ac3\" data-element_type=\"widget\" data-widget_type=\"text-editor.default\">\n\t\t\t\t<div class=\"elementor-widget-container\">\n\t\t\t<style>\/*! elementor - v3.6.4 - 13-04-2022 *\/\n.elementor-widget-text-editor.elementor-drop-cap-view-stacked .elementor-drop-cap{background-color:#818a91;color:#fff}.elementor-widget-text-editor.elementor-drop-cap-view-framed .elementor-drop-cap{color:#818a91;border:3px solid;background-color:transparent}.elementor-widget-text-editor:not(.elementor-drop-cap-view-default) .elementor-drop-cap{margin-top:8px}.elementor-widget-text-editor:not(.elementor-drop-cap-view-default) .elementor-drop-cap-letter{width:1em;height:1em}.elementor-widget-text-editor .elementor-drop-cap{float:left;text-align:center;line-height:1;font-size:50px}.elementor-widget-text-editor .elementor-drop-cap-letter{display:inline-block}<\/style>\t\t\t\t<p style=\"font-weight: 300; caret-color: #7a7a7a; color: #7a7a7a; text-align: justify;\">Incidence se propose de faire tourner chaque num\u00e9ro autour d\u2019un texte ou d\u2019un ensemble de textes de r\u00e9f\u00e9rence, repr\u00e9sentatifs d\u2019une pens\u00e9e ou d\u2019un de ses aspects essentiels.<\/p>\t\t\t\t\t\t<\/div>\n\t\t\t\t<\/div>\n\t\t\t\t<div class=\"elementor-element elementor-element-3ac3cfe7 elementor-widget elementor-widget-text-editor\" data-id=\"3ac3cfe7\" data-element_type=\"widget\" data-widget_type=\"text-editor.default\">\n\t\t\t\t<div class=\"elementor-widget-container\">\n\t\t\t\t\t\t\t<p style=\"caret-color: #7a7a7a; color: #7a7a7a; text-align: justify;\"><span style=\"font-family: var( --e-global-typography-text-font-family ), Sans-serif;\">Ce ou ces textes peuvent \u00eatre d\u00e9j\u00e0 connus, ou peu connus, voire in\u00e9dits, ou encore non traduits en fran\u00e7ais ; Incidence en donnera alors une traduction originale. Il s\u2019agira d\u2019envisager les multiples r\u00e9sonances que cette pens\u00e9e peut susciter aujourd\u2019hui, son impact, ses prolongements, son actualit\u00e9 dans des champs diff\u00e9rents de la recherche : anthropologie, sociologie, philosophie, psychanalyse, histoire, litt\u00e9rature, etc.<\/span><\/p><p style=\"caret-color: #7a7a7a; color: #7a7a7a; text-align: justify;\">Son degr\u00e9 d\u2019incidence se mesurera dans la rencontre d\u2019int\u00e9r\u00eats, d\u2019interrogations qu\u2019elle r\u00e9ussit \u00e0 cr\u00e9er autour d\u2019elle, et dans la solidarit\u00e9 intellectuelle, la communication et l\u2019\u00e9change d\u2019id\u00e9es qu\u2019elle parvient \u00e0 vivifier d\u2019une discipline \u00e0 l\u2019autre mais aussi d\u2019un pays \u00e0 l\u2019autre, d\u2019un continent \u00e0 l\u2019autre.<\/p><p style=\"caret-color: #7a7a7a; color: #7a7a7a; text-align: justify;\">\u00c0 travers une situation d\u2019\u00e9clatement des sciences humaines, de dispersion des th\u00e9ories, de richesse illimit\u00e9e des donn\u00e9es, le projet de la revue consistera donc \u00e0 tenter un certain recentrage, modeste attachement \u00e0 un centre : la pens\u00e9e d\u2019un autre.<\/p><p style=\"caret-color: #7a7a7a; color: #7a7a7a; text-align: justify;\">Cet attachement prend son sens dans l\u2019id\u00e9e pour nous essentielle de fid\u00e9lit\u00e9 : dans tous les cas, nous nous emploierons \u00e0 la restituer dans son v\u00e9ritable \u00e9clairage, son contexte, avec les probl\u00e8mes que l\u2019auteur s\u2019est pos\u00e9s, les impasses th\u00e9oriques qu\u2019il devait affronter et d\u00e9passer ; fid\u00e9lit\u00e9 indissociable du questionnement, d\u2019une mise \u00e0 l\u2019\u00e9preuve de la continuit\u00e9 qu\u2019elle entretient avec nous.<\/p>\t\t\t\t\t\t<\/div>\n\t\t\t\t<\/div>\n\t\t\t\t<div class=\"elementor-element elementor-element-228cefc0 elementor-widget elementor-widget-text-editor\" data-id=\"228cefc0\" data-element_type=\"widget\" data-widget_type=\"text-editor.default\">\n\t\t\t\t<div class=\"elementor-widget-container\">\n\t\t\t\t\t\t\t<p><span style=\"caret-color: #7a7a7a; color: #7a7a7a; text-align: justify;\">Incidence is a French scholarly journal that focuses on humanities and social sciences: anthropology, sociology, philosophy, psychoanalysis, history, literature, etc. Each issue tries to gather original articles using a key text as a point of reference. This framework enables us to tackle issues crossing over boundaries in disciplinary fields.<\/span><\/p>\t\t\t\t\t\t<\/div>\n\t\t\t\t<\/div>\n\t\t\t\t\t<\/div>\n\t\t<\/div>\n\t\t\t\t\t\t\t<\/div>\n\t\t<\/section>\n\t\t\t\t\t\t\t<\/div>\n\t\t","protected":false},"excerpt":{"rendered":"<p>Pr\u00e9sentation Incidence se propose de faire tourner chaque num\u00e9ro autour d\u2019un texte ou d\u2019un ensemble de textes de r\u00e9f\u00e9rence, repr\u00e9sentatifs d\u2019une pens\u00e9e ou d\u2019un de ses aspects essentiels. Ce ou ces textes peuvent \u00eatre d\u00e9j\u00e0 connus, ou peu connus, voire in\u00e9dits, ou encore non traduits en fran\u00e7ais ; Incidence en donnera alors une traduction originale. [&hellip;]<\/p>\n","protected":false},"author":1,"featured_media":0,"parent":0,"menu_order":0,"comment_status":"closed","ping_status":"closed","template":"","meta":[],"acf":[],"yoast_head":"<!-- This site is optimized with the Yoast SEO plugin v18.5.1 - https:\/\/yoast.com\/wordpress\/plugins\/seo\/ -->\n<title>Pr\u00e9sentation - INCIDENCE<\/title>\n<meta name=\"description\" content=\"Le nouveau num\u00e9ro 15 : \u00ab V\u00e9rit\u00e9, fiction : faire vrai ou dire juste \u00bb sortira au printemps 2020 aux \u00e9ditions Kim\u00e9.\" \/>\n<meta name=\"robots\" content=\"index, follow, max-snippet:-1, max-image-preview:large, max-video-preview:-1\" \/>\n<link rel=\"canonical\" href=\"http:\/\/incidence-revue.fr\/index.php\/presentation\/\" \/>\n<meta property=\"og:locale\" content=\"fr_FR\" \/>\n<meta property=\"og:type\" content=\"article\" \/>\n<meta property=\"og:title\" content=\"Pr\u00e9sentation - INCIDENCE\" \/>\n<meta property=\"og:description\" content=\"Le nouveau num\u00e9ro 15 : \u00ab V\u00e9rit\u00e9, fiction : faire vrai ou dire juste \u00bb sortira au printemps 2020 aux \u00e9ditions Kim\u00e9.\" \/>\n<meta property=\"og:url\" content=\"http:\/\/incidence-revue.fr\/index.php\/presentation\/\" \/>\n<meta property=\"og:site_name\" content=\"INCIDENCE\" \/>\n<meta property=\"article:modified_time\" content=\"2022-01-19T09:02:16+00:00\" \/>\n<meta name=\"twitter:card\" content=\"summary_large_image\" \/>\n<meta name=\"twitter:label1\" content=\"Dur\u00e9e de lecture estim\u00e9e\" \/>\n\t<meta name=\"twitter:data1\" content=\"2 minutes\" \/>\n<script type=\"application\/ld+json\" class=\"yoast-schema-graph\">{\"@context\":\"https:\/\/schema.org\",\"@graph\":[{\"@type\":\"Organization\",\"@id\":\"https:\/\/incidence-revue.fr\/#organization\",\"name\":\"Revue Incidence\",\"url\":\"https:\/\/incidence-revue.fr\/\",\"sameAs\":[],\"logo\":{\"@type\":\"ImageObject\",\"@id\":\"https:\/\/incidence-revue.fr\/#logo\",\"inLanguage\":\"fr-FR\",\"url\":\"http:\/\/incidence-revue.fr\/wp-content\/uploads\/2020\/12\/Logo-1-noir-1.jpg\",\"contentUrl\":\"http:\/\/incidence-revue.fr\/wp-content\/uploads\/2020\/12\/Logo-1-noir-1.jpg\",\"width\":233,\"height\":210,\"caption\":\"Revue Incidence\"},\"image\":{\"@id\":\"https:\/\/incidence-revue.fr\/#logo\"}},{\"@type\":\"WebSite\",\"@id\":\"https:\/\/incidence-revue.fr\/#website\",\"url\":\"https:\/\/incidence-revue.fr\/\",\"name\":\"INCIDENCE\",\"description\":\"PHILOSOPHIE, LITT\u00c9RATURE, SCIENCES HUMAINES ET SOCIALES\",\"publisher\":{\"@id\":\"https:\/\/incidence-revue.fr\/#organization\"},\"potentialAction\":[{\"@type\":\"SearchAction\",\"target\":{\"@type\":\"EntryPoint\",\"urlTemplate\":\"https:\/\/incidence-revue.fr\/?s={search_term_string}\"},\"query-input\":\"required name=search_term_string\"}],\"inLanguage\":\"fr-FR\"},{\"@type\":\"WebPage\",\"@id\":\"http:\/\/incidence-revue.fr\/index.php\/presentation\/#webpage\",\"url\":\"http:\/\/incidence-revue.fr\/index.php\/presentation\/\",\"name\":\"Pr\u00e9sentation - INCIDENCE\",\"isPartOf\":{\"@id\":\"https:\/\/incidence-revue.fr\/#website\"},\"datePublished\":\"2017-02-24T20:26:44+00:00\",\"dateModified\":\"2022-01-19T09:02:16+00:00\",\"description\":\"Le nouveau num\u00e9ro 15 : \u00ab V\u00e9rit\u00e9, fiction : faire vrai ou dire juste \u00bb sortira au printemps 2020 aux \u00e9ditions Kim\u00e9.\",\"breadcrumb\":{\"@id\":\"http:\/\/incidence-revue.fr\/index.php\/presentation\/#breadcrumb\"},\"inLanguage\":\"fr-FR\",\"potentialAction\":[{\"@type\":\"ReadAction\",\"target\":[\"http:\/\/incidence-revue.fr\/index.php\/presentation\/\"]}]},{\"@type\":\"BreadcrumbList\",\"@id\":\"http:\/\/incidence-revue.fr\/index.php\/presentation\/#breadcrumb\",\"itemListElement\":[{\"@type\":\"ListItem\",\"position\":1,\"name\":\"Home\",\"item\":\"https:\/\/incidence-revue.fr\/\"},{\"@type\":\"ListItem\",\"position\":2,\"name\":\"Pr\u00e9sentation\"}]}]}<\/script>\n<!-- \/ Yoast SEO plugin. -->","yoast_head_json":{"title":"Pr\u00e9sentation - INCIDENCE","description":"Le nouveau num\u00e9ro 15 : \u00ab V\u00e9rit\u00e9, fiction : faire vrai ou dire juste \u00bb sortira au printemps 2020 aux \u00e9ditions Kim\u00e9.","robots":{"index":"index","follow":"follow","max-snippet":"max-snippet:-1","max-image-preview":"max-image-preview:large","max-video-preview":"max-video-preview:-1"},"canonical":"http:\/\/incidence-revue.fr\/index.php\/presentation\/","og_locale":"fr_FR","og_type":"article","og_title":"Pr\u00e9sentation - INCIDENCE","og_description":"Le nouveau num\u00e9ro 15 : \u00ab V\u00e9rit\u00e9, fiction : faire vrai ou dire juste \u00bb sortira au printemps 2020 aux \u00e9ditions Kim\u00e9.","og_url":"http:\/\/incidence-revue.fr\/index.php\/presentation\/","og_site_name":"INCIDENCE","article_modified_time":"2022-01-19T09:02:16+00:00","twitter_card":"summary_large_image","twitter_misc":{"Dur\u00e9e de lecture estim\u00e9e":"2 minutes"},"schema":{"@context":"https:\/\/schema.org","@graph":[{"@type":"Organization","@id":"https:\/\/incidence-revue.fr\/#organization","name":"Revue Incidence","url":"https:\/\/incidence-revue.fr\/","sameAs":[],"logo":{"@type":"ImageObject","@id":"https:\/\/incidence-revue.fr\/#logo","inLanguage":"fr-FR","url":"http:\/\/incidence-revue.fr\/wp-content\/uploads\/2020\/12\/Logo-1-noir-1.jpg","contentUrl":"http:\/\/incidence-revue.fr\/wp-content\/uploads\/2020\/12\/Logo-1-noir-1.jpg","width":233,"height":210,"caption":"Revue Incidence"},"image":{"@id":"https:\/\/incidence-revue.fr\/#logo"}},{"@type":"WebSite","@id":"https:\/\/incidence-revue.fr\/#website","url":"https:\/\/incidence-revue.fr\/","name":"INCIDENCE","description":"PHILOSOPHIE, LITT\u00c9RATURE, SCIENCES HUMAINES ET SOCIALES","publisher":{"@id":"https:\/\/incidence-revue.fr\/#organization"},"potentialAction":[{"@type":"SearchAction","target":{"@type":"EntryPoint","urlTemplate":"https:\/\/incidence-revue.fr\/?s={search_term_string}"},"query-input":"required name=search_term_string"}],"inLanguage":"fr-FR"},{"@type":"WebPage","@id":"http:\/\/incidence-revue.fr\/index.php\/presentation\/#webpage","url":"http:\/\/incidence-revue.fr\/index.php\/presentation\/","name":"Pr\u00e9sentation - INCIDENCE","isPartOf":{"@id":"https:\/\/incidence-revue.fr\/#website"},"datePublished":"2017-02-24T20:26:44+00:00","dateModified":"2022-01-19T09:02:16+00:00","description":"Le nouveau num\u00e9ro 15 : \u00ab V\u00e9rit\u00e9, fiction : faire vrai ou dire juste \u00bb sortira au printemps 2020 aux \u00e9ditions Kim\u00e9.","breadcrumb":{"@id":"http:\/\/incidence-revue.fr\/index.php\/presentation\/#breadcrumb"},"inLanguage":"fr-FR","potentialAction":[{"@type":"ReadAction","target":["http:\/\/incidence-revue.fr\/index.php\/presentation\/"]}]},{"@type":"BreadcrumbList","@id":"http:\/\/incidence-revue.fr\/index.php\/presentation\/#breadcrumb","itemListElement":[{"@type":"ListItem","position":1,"name":"Home","item":"https:\/\/incidence-revue.fr\/"},{"@type":"ListItem","position":2,"name":"Pr\u00e9sentation"}]}]}},"_links":{"self":[{"href":"https:\/\/incidence-revue.fr\/index.php\/wp-json\/wp\/v2\/pages\/106"}],"collection":[{"href":"https:\/\/incidence-revue.fr\/index.php\/wp-json\/wp\/v2\/pages"}],"about":[{"href":"https:\/\/incidence-revue.fr\/index.php\/wp-json\/wp\/v2\/types\/page"}],"author":[{"embeddable":true,"href":"https:\/\/incidence-revue.fr\/index.php\/wp-json\/wp\/v2\/users\/1"}],"replies":[{"embeddable":true,"href":"https:\/\/incidence-revue.fr\/index.php\/wp-json\/wp\/v2\/comments?post=106"}],"version-history":[{"count":27,"href":"https:\/\/incidence-revue.fr\/index.php\/wp-json\/wp\/v2\/pages\/106\/revisions"}],"predecessor-version":[{"id":820,"href":"https:\/\/incidence-revue.fr\/index.php\/wp-json\/wp\/v2\/pages\/106\/revisions\/820"}],"wp:attachment":[{"href":"https:\/\/incidence-revue.fr\/index.php\/wp-json\/wp\/v2\/media?parent=106"}],"curies":[{"name":"wp","href":"https:\/\/api.w.org\/{rel}","templated":true}]}}